{"id":11574,"date":"2021-10-12T21:17:57","date_gmt":"2021-10-13T00:17:57","guid":{"rendered":"https:\/\/varaisestilos.com.br\/site\/?post_type=product&#038;p=11574"},"modified":"2021-10-12T21:26:06","modified_gmt":"2021-10-13T00:26:06","slug":"varal-sanfonado","status":"publish","type":"product","link":"https:\/\/varaisestilos.com.br\/site\/product\/varal-sanfonado\/","title":{"rendered":"Varal sanfonado"},"content":{"rendered":"<p style=\"text-align: center;\">Modelo de varal auxiliar fabricado no alum\u00ednio com pintura ep\u00f3x e varetas no alum\u00ednio anotizado.<\/p>\n<p style=\"text-align: center;\">Dispon\u00edvel nas medidas: <strong>60 CM \/ 87 CM \/ 1 METRO<\/strong><\/p>\n<p>&nbsp;<\/p>\n","protected":false},"excerpt":{"rendered":"<p>Modelo de varal auxiliar fabricado no alum\u00ednio com pintura ep\u00f3x e varetas no alum\u00ednio anotizado. Dispon\u00edvel nas medidas: 60 CM \/ 87 CM \/ 1 METRO &nbsp;<\/p>\n","protected":false},"featured_media":11575,"template":"","meta":[],"class_list":{"0":"post-11574","1":"product","2":"type-product","3":"status-publish","4":"has-post-thumbnail","6":"product_cat-varal-sanfonad","8":"first","9":"instock","10":"shipping-taxable","11":"product-type-simple"},"_links":{"self":[{"href":"https:\/\/varaisestilos.com.br\/site\/wp-json\/wp\/v2\/product\/11574","targetHints":{"allow":["GET"]}}],"collection":[{"href":"https:\/\/varaisestilos.com.br\/site\/wp-json\/wp\/v2\/product"}],"about":[{"href":"https:\/\/varaisestilos.com.br\/site\/wp-json\/wp\/v2\/types\/product"}],"wp:featuredmedia":[{"embeddable":true,"href":"https:\/\/varaisestilos.com.br\/site\/wp-json\/wp\/v2\/media\/11575"}],"wp:attachment":[{"href":"https:\/\/varaisestilos.com.br\/site\/wp-json\/wp\/v2\/media?parent=11574"}],"curies":[{"name":"wp","href":"https:\/\/api.w.org\/{rel}","templated":true}]}}