{"id":11591,"date":"2021-10-12T21:34:40","date_gmt":"2021-10-13T00:34:40","guid":{"rendered":"https:\/\/varaisestilos.com.br\/site\/?post_type=product&#038;p=11591"},"modified":"2021-10-13T10:31:55","modified_gmt":"2021-10-13T13:31:55","slug":"varal-reforcado-para-muro","status":"publish","type":"product","link":"https:\/\/varaisestilos.com.br\/site\/product\/varal-reforcado-para-muro\/","title":{"rendered":"Varal refor\u00e7ado para muro"},"content":{"rendered":"<p style=\"text-align: center;\">Modelo de varal fabricado no a\u00e7o com pintura ep\u00f3xi e cordas de a\u00e7o.<\/p>\n<p style=\"text-align: center;\"><strong>FIXO E<\/strong>\u00a0<strong>SOB MEDIDA.\u00a0<\/strong><\/p>\n","protected":false},"excerpt":{"rendered":"<p>Modelo de varal fabricado no a\u00e7o com pintura ep\u00f3xi e cordas de a\u00e7o. FIXO E\u00a0SOB MEDIDA.\u00a0<\/p>\n","protected":false},"featured_media":11592,"template":"","meta":[],"class_list":{"0":"post-11591","1":"product","2":"type-product","3":"status-publish","4":"has-post-thumbnail","6":"product_cat-varal-para-muro","7":"product_cat-todosprodutos","9":"first","10":"instock","11":"shipping-taxable","12":"product-type-simple"},"_links":{"self":[{"href":"https:\/\/varaisestilos.com.br\/site\/wp-json\/wp\/v2\/product\/11591","targetHints":{"allow":["GET"]}}],"collection":[{"href":"https:\/\/varaisestilos.com.br\/site\/wp-json\/wp\/v2\/product"}],"about":[{"href":"https:\/\/varaisestilos.com.br\/site\/wp-json\/wp\/v2\/types\/product"}],"wp:featuredmedia":[{"embeddable":true,"href":"https:\/\/varaisestilos.com.br\/site\/wp-json\/wp\/v2\/media\/11592"}],"wp:attachment":[{"href":"https:\/\/varaisestilos.com.br\/site\/wp-json\/wp\/v2\/media?parent=11591"}],"curies":[{"name":"wp","href":"https:\/\/api.w.org\/{rel}","templated":true}]}}