{"id":11612,"date":"2021-10-13T14:06:53","date_gmt":"2021-10-13T17:06:53","guid":{"rendered":"https:\/\/varaisestilos.com.br\/site\/?post_type=product&#038;p=11612"},"modified":"2021-10-13T14:06:54","modified_gmt":"2021-10-13T17:06:54","slug":"atacado","status":"publish","type":"product","link":"https:\/\/varaisestilos.com.br\/site\/product\/atacado\/","title":{"rendered":"ATACADO"},"content":{"rendered":"<p style=\"text-align: center;\"><strong>Tudo que sua empresa precisa na linha de varais est\u00e1 aqui!<\/strong><\/p>\n<p style=\"text-align: center;\">Fabrica\u00e7\u00e3o pr\u00f3pia de varais com excelente durabilidade. Entrar em contato (62) 99275-5297 ou pelo e-mail: varaisestilosgyn@gmail.com<\/p>\n","protected":false},"excerpt":{"rendered":"<p>Tudo que sua empresa precisa na linha de varais est\u00e1 aqui! Fabrica\u00e7\u00e3o pr\u00f3pia de varais com excelente durabilidade. Entrar em contato (62) 99275-5297 ou pelo e-mail: varaisestilosgyn@gmail.com<\/p>\n","protected":false},"featured_media":11613,"template":"","meta":[],"class_list":{"0":"post-11612","1":"product","2":"type-product","3":"status-publish","4":"has-post-thumbnail","6":"product_cat-atacado","8":"first","9":"instock","10":"shipping-taxable","11":"product-type-simple"},"_links":{"self":[{"href":"https:\/\/varaisestilos.com.br\/site\/wp-json\/wp\/v2\/product\/11612","targetHints":{"allow":["GET"]}}],"collection":[{"href":"https:\/\/varaisestilos.com.br\/site\/wp-json\/wp\/v2\/product"}],"about":[{"href":"https:\/\/varaisestilos.com.br\/site\/wp-json\/wp\/v2\/types\/product"}],"wp:featuredmedia":[{"embeddable":true,"href":"https:\/\/varaisestilos.com.br\/site\/wp-json\/wp\/v2\/media\/11613"}],"wp:attachment":[{"href":"https:\/\/varaisestilos.com.br\/site\/wp-json\/wp\/v2\/media?parent=11612"}],"curies":[{"name":"wp","href":"https:\/\/api.w.org\/{rel}","templated":true}]}}